{"id":1030,"date":"2025-09-29T16:31:25","date_gmt":"2025-09-29T16:31:25","guid":{"rendered":"https:\/\/www.aaps.gob.bo\/wordpress\/?page_id=1030"},"modified":"2025-09-29T16:31:25","modified_gmt":"2025-09-29T16:31:25","slug":"direccion-dra-rh-alcance-de-la-regulacion-ambiental","status":"publish","type":"page","link":"https:\/\/www.aaps.gob.bo\/wordpress\/index.php\/direccion-dra-rh-alcance-de-la-regulacion-ambiental\/","title":{"rendered":"Direcci\u00f3n DRA-RH Alcance de la Regulaci\u00f3n Ambiental"},"content":{"rendered":"\n<figure class=\"wp-block-image size-full\"><img loading=\"lazy\" decoding=\"async\" width=\"844\" height=\"160\" src=\"https:\/\/www.aaps.gob.bo\/wordpress\/wp-content\/uploads\/2025\/09\/dra_cabecera.jpg\" alt=\"\" class=\"wp-image-1031\"\/><\/figure>\n\n\n\n<p>La AAPS, tiene como misi\u00f3n regular la gesti\u00f3n y manejo de los recursos h\u00eddricos, priorizando el derecho de uso para consumo humano y el acceso al saneamiento, en equilibrio con el medio ambiente y reconociendo la importancia que tienen los servicios para el cuidado de la salud p\u00fablica, la superaci\u00f3n de la pobreza, el desarrollo econ\u00f3mico y la protecci\u00f3n del Medio Ambiente.&nbsp;<\/p>\n\n\n\n<p>La Constituci\u00f3n Pol\u00edtica del Estado Plurinacional de Bolivia en su Art\u00edculo 9 N\u00fam. 6 establece como principio, valor y fin del estado: \u201cPromover y garantizar el aprovechamiento responsable y planificado de los recursos naturales, as\u00ed como la conservaci\u00f3n del medio ambiente, para el bienestar de las generaciones actuales y futuras\u201d; en este contexto la Direcci\u00f3n de Regulaci\u00f3n Ambiental en Recursos H\u00eddricos DRA-RH desarrolla sus funciones considerando las pol\u00edticas nacionales de:<\/p>\n\n\n\n<ul class=\"wp-block-list\">\n<li>Pol\u00edtica de uso eficiente de agua.<\/li>\n\n\n\n<li>Pol\u00edtica de calidad del agua para consumo humano.<\/li>\n\n\n\n<li>Pol\u00edtica del derecho humano al agua y saneamiento.<\/li>\n<\/ul>\n\n\n\n<p>De las pol\u00edticas mencionadas emergen los siguientes \u00e1mbitos de trabajo:<\/p>\n\n\n\n<p><strong>1. SISTEMAS DE AUTOABASTECIMIENTO DE RECURSOS H\u00cdDRICOS \u2013 SARH<\/strong><\/p>\n\n\n\n<p>La AAPS a trav\u00e9s de la DRA-RH, autoriza el uso y aprovechamiento de fuentes de agua cuando est\u00e1n destinadas a uso productivo en los rubros, industrial, minero y otros usos justificados t\u00e9cnicamente y regula, fiscaliza y controla a las EPSA que cuentan con SARH dentro de su \u00e1rea de prestaci\u00f3n de servicios autorizada.<\/p>\n\n\n\n<p><strong>2. PLANES ESTRAT\u00c9GICOS DE SOSTENIBILIDAD DE FUENTES DE AGUA \u2013 PESFA<\/strong><\/p>\n\n\n\n<p>La DRA-RH eval\u00faa y aprueba los Planes Estrat\u00e9gicos de Sostenibilidad de Fuentes de Agua \u2013 PESFA elaborados por las EPSA como instrumento de planificaci\u00f3n generado para preservar y proteger el recurso h\u00eddrico en un contexto de cambio clim\u00e1tico y realiza el seguimiento al cumplimiento de la implementaci\u00f3n de dichos planes.<\/p>\n\n\n\n<p><strong>3. SANEAMIENTO CONVENCIONAL Y NO CONVENCIONAL Y TRATAMIENTO DE AGUAS RESIDUALES<\/strong><\/p>\n\n\n\n<p>La DRA-RH efect\u00faa la regularizaci\u00f3n o renovaci\u00f3n de ETRL a trav\u00e9s de las EPSA con seguimiento regulatorio que requieren la autorizaci\u00f3n respectiva a la AAPS. Asimismo lleva a cabo la regulaci\u00f3n y fiscalizaci\u00f3n de las Plantas de Tratamiento de Agua Residual \u2013 PTAR de las EPSA que tienen seguimiento regulatorio por parte de la AAPS, a trav\u00e9s de trabajo de campo y generaci\u00f3n de indicadores de desempe\u00f1o de operaci\u00f3n y mantenimiento obtenidos en la Plataforma Virtual de PTAR de la AAPS.<\/p>\n\n\n\n<p><strong>4.DESCARGAS DE EFLUENTES INDUSTRIALES, ESPECIALES Y LODOS AL ALCANTARILLADO SANITARIO &#8211; DIELAS<\/strong><\/p>\n\n\n\n<p>La DRA-RH fiscaliza las labores de&nbsp; control efectuadas por las EPSA con seguimiento regulatorio, de las Descargas de Efluentes Industriales, Especiales y Lodos al Alcantarillado Sanitario &#8211; DIELAS para proteger la operaci\u00f3n de las Plantas de Tratamiento de Agua Residual &#8211; a trav\u00e9s de la evaluaci\u00f3n del cumplimiento de la normativa ambiental.<\/p>\n","protected":false},"excerpt":{"rendered":"<p>La AAPS, tiene como misi\u00f3n regular la gesti\u00f3n y manejo de los recursos h\u00eddricos, priorizando el derecho de uso para consumo humano y el acceso al saneamiento, en equilibrio con el medio ambiente y reconociendo la importancia que tienen los servicios para el cuidado de la salud p\u00fablica, la superaci\u00f3n de la pobreza, el desarrollo [&hellip;]<\/p>\n","protected":false},"author":1,"featured_media":0,"parent":0,"menu_order":0,"comment_status":"closed","ping_status":"closed","template":"","meta":{"_acf_changed":false,"footnotes":""},"class_list":["post-1030","page","type-page","status-publish","hentry"],"acf":[],"_links":{"self":[{"href":"https:\/\/www.aaps.gob.bo\/wordpress\/index.php\/wp-json\/wp\/v2\/pages\/1030","targetHints":{"allow":["GET"]}}],"collection":[{"href":"https:\/\/www.aaps.gob.bo\/wordpress\/index.php\/wp-json\/wp\/v2\/pages"}],"about":[{"href":"https:\/\/www.aaps.gob.bo\/wordpress\/index.php\/wp-json\/wp\/v2\/types\/page"}],"author":[{"embeddable":true,"href":"https:\/\/www.aaps.gob.bo\/wordpress\/index.php\/wp-json\/wp\/v2\/users\/1"}],"replies":[{"embeddable":true,"href":"https:\/\/www.aaps.gob.bo\/wordpress\/index.php\/wp-json\/wp\/v2\/comments?post=1030"}],"version-history":[{"count":1,"href":"https:\/\/www.aaps.gob.bo\/wordpress\/index.php\/wp-json\/wp\/v2\/pages\/1030\/revisions"}],"predecessor-version":[{"id":1032,"href":"https:\/\/www.aaps.gob.bo\/wordpress\/index.php\/wp-json\/wp\/v2\/pages\/1030\/revisions\/1032"}],"wp:attachment":[{"href":"https:\/\/www.aaps.gob.bo\/wordpress\/index.php\/wp-json\/wp\/v2\/media?parent=1030"}],"curies":[{"name":"wp","href":"https:\/\/api.w.org\/{rel}","templated":true}]}}