{"id":1040,"date":"2025-09-29T16:49:59","date_gmt":"2025-09-29T16:49:59","guid":{"rendered":"https:\/\/www.aaps.gob.bo\/wordpress\/?page_id=1040"},"modified":"2025-09-29T17:18:50","modified_gmt":"2025-09-29T17:18:50","slug":"modulo-2-metas-previstas-para-la-regularizacion-ambiental-en-la-gestion","status":"publish","type":"page","link":"https:\/\/www.aaps.gob.bo\/wordpress\/index.php\/modulo-2-metas-previstas-para-la-regularizacion-ambiental-en-la-gestion\/","title":{"rendered":"SISTEMAS\u00a0DE AUTOABASTECIMIENTO DE RECURSOS H\u00cdDRICOS"},"content":{"rendered":"\n<p>La DRA-RH efect\u00faa la regularizaci\u00f3n\/renovaci\u00f3n de la autorizaci\u00f3n del uso y aprovechamiento del recurso h\u00eddrico y la regulaci\u00f3n de los SARH a trav\u00e9s de las EPSA en aplicaci\u00f3n de lo dispuesto en la Resoluci\u00f3n Administrativa Regulatoria AAPS N\u00aa 389\/2019 que aprueba el \u201cManual para la Regularizaci\u00f3n y Regulaci\u00f3n de Sistemas de Autoabastecimiento de Recursos H\u00eddricos SARH\u201d en sus 8 Cap\u00edtulos y 49 Art\u00edculos, normativa que fue puesta a conocimiento de las EPSA y que entra en aplicaci\u00f3n en la gesti\u00f3n 2020, revocando y dejando sin efecto la RAR 01\/2014.<\/p>\n\n\n\n<p>Desde el punto de vista de la protecci\u00f3n y manejo sustentable de las fuentes de agua, el procedimiento vigente establece que la Entidad Prestadora de Servicios de Agua Potable y Alcantarillado Sanitario (EPSA) correspondiente, debe remitir a la AAPS una Solicitud de Regularizaci\u00f3n\/Renovaci\u00f3n de la autorizaci\u00f3n del uso y aprovechamiento del recurso h\u00eddrico, para que la AAPS verifique y eval\u00fae el cumplimiento de los requisitos t\u00e9cnicos y legales establecidos en el Manual. La aprobaci\u00f3n de dicha evaluaci\u00f3n, se materializa a trav\u00e9s de una Resoluci\u00f3n Administrativa Regulatoria (RAR) que otorga los derechos temporales para el uso y aprovechamiento del recurso h\u00eddrico al SARH por 5 a\u00f1os.<\/p>\n\n\n\n<p>Durante la gesti\u00f3n 2020 se procesaron 99 solicitudes, de las cuales se atendieron 2 solicitudes de baja de pozos, se devolvieron 4 solicitudes a las EPSA por observaciones t\u00e9cnicas y las restantes 93 fueron atendidos con la emisi\u00f3n de informe t\u00e9cnico de regularizaci\u00f3n y\/o renovaci\u00f3n de SARH presentados por las EPSA. A continuaci\u00f3n, se detalla el listado de tr\u00e1mites concluidos con RAR emitida:<\/p>\n\n\n\n<a class=\"card border-0\" href=\"https:\/\/www.aaps.gob.bo\/wordpress\/wp-content\/uploads\/Documentacion\/DRA-RH\/Listado.pdf\" target=\"_blank\" rel=\"noopener\" class=\"wp-block-card-rectangular-a-block\"><div class=\"rectangular-card\"><div class=\"rectangular-card-body\"><h5 class=\"rectangular-card-title\"><strong>LISTADO DE USUARIOS SARH AUTORIZADOS EN LA GESTI\u00d3N 2020<\/strong><\/h5><p class=\"rectangular-card-text\">Descarga&#8230;..-><\/p><\/div><img decoding=\"async\" src=\"https:\/\/www.aaps.gob.bo\/wordpress\/wp-content\/uploads\/2025\/09\/pdf.png\" class=\"rectangular-card-icon\"\/><\/div><\/a>\n\n\n\n<p><\/p>\n\n\n\n<p>Como resultado de los 93 tr\u00e1mites de regularizaci\u00f3n finalizados con RAR emitida, se autoriz\u00f3 el aprovechamiento del recurso h\u00eddrico mediante SARH a las EPSA por un caudal total de 288,17 l\/seg con la distribuci\u00f3n por EPSA que se presenta a continuaci\u00f3n:<\/p>\n\n\n\n<figure class=\"wp-block-image size-full\"><img loading=\"lazy\" decoding=\"async\" width=\"583\" height=\"353\" src=\"https:\/\/www.aaps.gob.bo\/wordpress\/wp-content\/uploads\/2025\/09\/GRAF_D1.jpeg\" alt=\"\" class=\"wp-image-1045\"\/><\/figure>\n\n\n\n<p>Respecto al rubro de autorizaci\u00f3n, de los 93 SARH autorizados en la gesti\u00f3n 2020, 6 corresponden al rubro Comercial, 50 al rubro Industrial, 2 al sector minero, 2 riego de \u00e1rea verdes y 33 a otros rubros. Asimismo del total de los tr\u00e1mites autorizados 54 corresponden a Regularizaci\u00f3n y 39 a renovaci\u00f3n. El siguiente Gr\u00e1fico, permite identificar por EPSA, los procesos atendidos para regularizaci\u00f3n o renovaci\u00f3n de procesos de SARH.<\/p>\n\n\n\n<figure class=\"wp-block-image size-full\"><img loading=\"lazy\" decoding=\"async\" width=\"618\" height=\"354\" src=\"https:\/\/www.aaps.gob.bo\/wordpress\/wp-content\/uploads\/2025\/09\/GRAF_D2.jpeg\" alt=\"\" class=\"wp-image-1048\"\/><\/figure>\n","protected":false},"excerpt":{"rendered":"<p>La DRA-RH efect\u00faa la regularizaci\u00f3n\/renovaci\u00f3n de la autorizaci\u00f3n del uso y aprovechamiento del recurso h\u00eddrico y la regulaci\u00f3n de los SARH a trav\u00e9s de las EPSA en aplicaci\u00f3n de lo dispuesto en la Resoluci\u00f3n Administrativa Regulatoria AAPS N\u00aa 389\/2019 que aprueba el \u201cManual para la Regularizaci\u00f3n y Regulaci\u00f3n de Sistemas de Autoabastecimiento de Recursos H\u00eddricos [&hellip;]<\/p>\n","protected":false},"author":1,"featured_media":0,"parent":0,"menu_order":0,"comment_status":"closed","ping_status":"closed","template":"","meta":{"_acf_changed":false,"footnotes":""},"class_list":["post-1040","page","type-page","status-publish","hentry"],"acf":[],"_links":{"self":[{"href":"https:\/\/www.aaps.gob.bo\/wordpress\/index.php\/wp-json\/wp\/v2\/pages\/1040","targetHints":{"allow":["GET"]}}],"collection":[{"href":"https:\/\/www.aaps.gob.bo\/wordpress\/index.php\/wp-json\/wp\/v2\/pages"}],"about":[{"href":"https:\/\/www.aaps.gob.bo\/wordpress\/index.php\/wp-json\/wp\/v2\/types\/page"}],"author":[{"embeddable":true,"href":"https:\/\/www.aaps.gob.bo\/wordpress\/index.php\/wp-json\/wp\/v2\/users\/1"}],"replies":[{"embeddable":true,"href":"https:\/\/www.aaps.gob.bo\/wordpress\/index.php\/wp-json\/wp\/v2\/comments?post=1040"}],"version-history":[{"count":12,"href":"https:\/\/www.aaps.gob.bo\/wordpress\/index.php\/wp-json\/wp\/v2\/pages\/1040\/revisions"}],"predecessor-version":[{"id":1057,"href":"https:\/\/www.aaps.gob.bo\/wordpress\/index.php\/wp-json\/wp\/v2\/pages\/1040\/revisions\/1057"}],"wp:attachment":[{"href":"https:\/\/www.aaps.gob.bo\/wordpress\/index.php\/wp-json\/wp\/v2\/media?parent=1040"}],"curies":[{"name":"wp","href":"https:\/\/api.w.org\/{rel}","templated":true}]}}