{"id":12,"date":"2025-08-13T20:29:43","date_gmt":"2025-08-13T20:29:43","guid":{"rendered":"https:\/\/aaps.gob.bowordpress\/index.php\/lista-direcciones-page\/"},"modified":"2026-03-30T17:36:29","modified_gmt":"2026-03-30T17:36:29","slug":"lista-direcciones-page","status":"publish","type":"page","link":"https:\/\/www.aaps.gob.bo\/wordpress\/index.php\/lista-direcciones-page\/","title":{"rendered":"Direcciones"},"content":{"rendered":"\n<p><\/p>\n\n\n\n<div class=\"wp-block-card-alargado-b-block container b-alargado-container\">\n    <div class=\"row\">\n        <div class=\"col-5\">\n            <div class=\"row mt-3\">\n                <h5 class=\"text-muted\">AAPS &#8211; Central &#8211; La Paz<\/h5>\n            <\/div>\n\n            <div class=\"row mb-3\">\n                <p><i class=\"bi bi-geo-alt-fill me-2\"><\/i>Direcci\u00f3n:<\/p>\n                <p class=\"text-muted\">\n                    Av. Mariscal Santa Cruz N\u00ba 1392,<br>\n                    Edif. C\u00e1mara de Comercio, Piso 16 \u2013 La Paz\n                <\/p>\n            <\/div>\n\n            <div class=\"row mb-3\">\n                <p><i class=\"bi bi-telephone-fill me-2\"><\/i>Tel\u00e9fonos:<\/p>\n                <p class=\"text-muted\">(591-2) 2310801 &#8211; FAX -2310554<\/p>\n            <\/div>\n\n            <div class=\"row\">\n                <p><i class=\"bi bi-clock me-2\"><\/i>Horarios de atenci\u00f3n:<\/p>\n                <p class=\"text-muted\">8:30 &#8211; 16:30 de Lunes a Viernes<\/p>\n            <\/div>\n        <\/div>\n\n        <!-- \ud83d\udc47 MAPA LA PAZ -->\n        <div class=\"col-7 mt-2\">\n            <iframe \n                src=\"https:\/\/www.google.com\/maps?q=Av.+Mariscal+Santa+Cruz+1392,+Edificio+C\u00e1mara+de+Comercio,+La+Paz,+Bolivia&#038;z=16&#038;output=embed\"\n                width=\"100%\" \n                height=\"300\" \n                style=\"border:0;\"\n                loading=\"lazy\"\n                referrerpolicy=\"no-referrer-when-downgrade\">\n            <\/iframe>\n        <\/div>\n    <\/div>\n<\/div>\n\n\n\n\n\n<div class=\"wp-block-card-alargado-b-block container b-alargado-container\">\n    <div class=\"row\">\n        <div class=\"col-5\">\n            <div class=\"row mt-3\">\n                <h5 class=\"text-muted\">Regional Santa Cruz &#8211; AAPS<\/h5>\n            <\/div>\n\n            <div class=\"row mb-3\">\n                <p><i class=\"bi bi-geo-alt-fill me-2\"><\/i>Direcci\u00f3n:<\/p>\n                <p class=\"text-muted\">\n                    Tte. Juan Humberto Rivero 225, Santa Cruz de la Sierra\n                <\/p>\n            <\/div>\n\n            <div class=\"row mb-3\">\n                <p><i class=\"bi bi-telephone-fill me-2\"><\/i>Tel\u00e9fonos:<\/p>\n                <p class=\"text-muted\">800-10-3600<\/p>\n            <\/div>\n\n            <div class=\"row\">\n                <p><i class=\"bi bi-clock me-2\"><\/i>Horarios de atenci\u00f3n:<\/p>\n                <p class=\"text-muted\">8:30 &#8211; 16:30 de Lunes a Viernes<\/p>\n            <\/div>\n        <\/div>\n\n        <!-- \ud83d\udc47 AQU\u00cd VA EL MAPA -->\n        <div class=\"col-7 mt-2\">\n            <iframe \n                src=\"https:\/\/www.google.com\/maps?q=Tte.+Juan+Humberto+Rivero+225,+Santa+Cruz+de+la+Sierra,+Bolivia&#038;z=16&#038;output=embed\"\n                width=\"100%\" \n                height=\"300\" \n                style=\"border:0;\"\n                loading=\"lazy\"\n                referrerpolicy=\"no-referrer-when-downgrade\">\n            <\/iframe>\n        <\/div>\n    <\/div>\n<\/div>\n\n\n\n<div class=\"wp-block-card-alargado-b-block container b-alargado-container\">\n    <div class=\"row\">\n        \n        <div class=\"col-5\">\n            <div class=\"row mt-3\">\n                <h5 class=\"text-muted\">Regional Cochabamba &#8211; AAPS<\/h5>\n            <\/div>\n\n            <div class=\"row mb-3\">\n                <p>\n                    <i class=\"bi bi-geo-alt-fill me-2\"><\/i>\n                    Direcci\u00f3n:\n                <\/p>\n                <p class=\"text-muted\">\n                    Av. Litoral E 0984 Esq. Benjam\u00edn Blanco (Bloque C). \n                <\/p>\n            <\/div>\n\n            <div class=\"row mb-3\">\n                <p>\n                    <i class=\"bi bi-telephone-fill me-2\"><\/i>\n                    Tel\u00e9fonos:\n                <\/p>\n                <p class=\"text-muted\">800-10-3600<\/p>\n            <\/div>\n\n            <div class=\"row\">\n                <p>\n                    <i class=\"bi bi-clock me-2\"><\/i>\n                    Horario de atenci\u00f3n:\n                <\/p>\n                <p class=\"text-muted\">08:30 a 16:30 de Lunes a Viernes<\/p>\n            <\/div>\n        <\/div>\n\n        <!-- \ud83d\udc47 MAPA (MISMO IFRAME QUE FUNCIONA) -->\n        <div class=\"col-7 mt-2\">\n            <iframe loading=\"lazy\" \n                src=\"https:\/\/www.google.com\/maps?q=-17.40106,-66.146802&#038;z=17&#038;output=embed\"\n                width=\"100%\" \n                height=\"300\"\n                frameborder=\"0\"\n                style=\"border:0\">\n            <\/iframe>\n        <\/div>\n\n    <\/div>\n<\/div>\n","protected":false},"excerpt":{"rendered":"<p>AAPS &#8211; Central &#8211; La Paz Direcci\u00f3n: Av. Mariscal Santa Cruz N\u00ba 1392, Edif. C\u00e1mara de Comercio, Piso 16 \u2013 La Paz Tel\u00e9fonos: (591-2) 2310801 &#8211; FAX -2310554 Horarios de atenci\u00f3n: 8:30 &#8211; 16:30 de Lunes a Viernes Regional Santa Cruz &#8211; AAPS Direcci\u00f3n: Tte. Juan Humberto Rivero 225, Santa Cruz de la Sierra Tel\u00e9fonos: [&hellip;]<\/p>\n","protected":false},"author":1,"featured_media":0,"parent":0,"menu_order":0,"comment_status":"closed","ping_status":"closed","template":"","meta":{"_acf_changed":false,"footnotes":""},"class_list":["post-12","page","type-page","status-publish","hentry"],"acf":[],"_links":{"self":[{"href":"https:\/\/www.aaps.gob.bo\/wordpress\/index.php\/wp-json\/wp\/v2\/pages\/12","targetHints":{"allow":["GET"]}}],"collection":[{"href":"https:\/\/www.aaps.gob.bo\/wordpress\/index.php\/wp-json\/wp\/v2\/pages"}],"about":[{"href":"https:\/\/www.aaps.gob.bo\/wordpress\/index.php\/wp-json\/wp\/v2\/types\/page"}],"author":[{"embeddable":true,"href":"https:\/\/www.aaps.gob.bo\/wordpress\/index.php\/wp-json\/wp\/v2\/users\/1"}],"replies":[{"embeddable":true,"href":"https:\/\/www.aaps.gob.bo\/wordpress\/index.php\/wp-json\/wp\/v2\/comments?post=12"}],"version-history":[{"count":33,"href":"https:\/\/www.aaps.gob.bo\/wordpress\/index.php\/wp-json\/wp\/v2\/pages\/12\/revisions"}],"predecessor-version":[{"id":2026,"href":"https:\/\/www.aaps.gob.bo\/wordpress\/index.php\/wp-json\/wp\/v2\/pages\/12\/revisions\/2026"}],"wp:attachment":[{"href":"https:\/\/www.aaps.gob.bo\/wordpress\/index.php\/wp-json\/wp\/v2\/media?parent=12"}],"curies":[{"name":"wp","href":"https:\/\/api.w.org\/{rel}","templated":true}]}}