{"id":1212,"date":"2025-09-30T20:40:32","date_gmt":"2025-09-30T20:40:32","guid":{"rendered":"https:\/\/www.aaps.gob.bo\/wordpress\/?page_id=1212"},"modified":"2025-09-30T20:58:53","modified_gmt":"2025-09-30T20:58:53","slug":"rar-aaps-no-140-2021-aprueba-ajustes-y-complementaciones-a-la-guia-para-la-formulacion-de-planes-de-contingencia-de-epsa-por-categorias","status":"publish","type":"page","link":"https:\/\/www.aaps.gob.bo\/wordpress\/index.php\/rar-aaps-no-140-2021-aprueba-ajustes-y-complementaciones-a-la-guia-para-la-formulacion-de-planes-de-contingencia-de-epsa-por-categorias\/","title":{"rendered":"RAR AAPS No.140\/2021. Aprueba ajustes y complementaciones a la gu\u00eda para la formulaci\u00f3n de planes de contingencia de EPSA por  categor\u00edas"},"content":{"rendered":"\n<div class=\"wp-block-card-imagen-block imagen-card-container d-flex flex-column p-3 m-2\" style=\"border:1px solid var(--texto-default);background-color:var(--background-paper)\"><a class=\"card border-0\" href=\"https:\/\/www.aaps.gob.bo\/wordpress\/wp-content\/uploads\/Documentacion\/ResolucionesAdministrativasRegulatorias\/RAR_140_2021_PDC_GUIA.pdf\" target=\"_blank\" rel=\"noopener\"><div class=\"imagen-card d-flex flex-row\"><div class=\"col-md-4\"><img decoding=\"async\" src=\"https:\/\/www.aaps.gob.bo\/wordpress\/wp-content\/uploads\/2025\/09\/RAR-140_2021.png\" class=\"imagen-card-icon img-fluid\"\/><\/div><div class=\"col-md-8 imagen-card-body\"><h5 class=\"imagen-card-title\">RAR 140_2021 PDC GUIA<\/h5><p class=\"imagen-card-text\"><\/p><\/div><\/div><\/a><\/div>\n\n\n\n<div class=\"wp-block-card-imagen-block imagen-card-container d-flex flex-column p-3 m-2\" style=\"border:1px solid var(--texto-default);background-color:var(--background-paper)\"><a class=\"card border-0\" href=\"https:\/\/www.aaps.gob.bo\/wordpress\/wp-content\/uploads\/Documentacion\/ResolucionesAdministrativasRegulatorias\/Guia_PdC_EPSA_Categ_AyB.pdf\" target=\"_blank\" rel=\"noopener\"><div class=\"imagen-card d-flex flex-row\"><div class=\"col-md-4\"><img decoding=\"async\" src=\"https:\/\/www.aaps.gob.bo\/wordpress\/wp-content\/uploads\/2025\/09\/AyB.png\" class=\"imagen-card-icon img-fluid\"\/><\/div><div class=\"col-md-8 imagen-card-body\"><h5 class=\"imagen-card-title\">Guia_PdC_EPSA_Categ_AyB<\/h5><p class=\"imagen-card-text\"><\/p><\/div><\/div><\/a><\/div>\n\n\n\n<div class=\"wp-block-card-imagen-block imagen-card-container d-flex flex-column p-3 m-2\" style=\"border:1px solid var(--texto-default);background-color:var(--background-paper)\"><a class=\"card border-0\" href=\"https:\/\/www.aaps.gob.bo\/wordpress\/wp-content\/uploads\/Documentacion\/ResolucionesAdministrativasRegulatorias\/Guia_PdC_EPSA_Categ_CyD.pdf\" target=\"_blank\" rel=\"noopener\"><div class=\"imagen-card d-flex flex-row\"><div class=\"col-md-4\"><img decoding=\"async\" src=\"https:\/\/www.aaps.gob.bo\/wordpress\/wp-content\/uploads\/2025\/09\/CyD.png\" class=\"imagen-card-icon img-fluid\"\/><\/div><div class=\"col-md-8 imagen-card-body\"><h5 class=\"imagen-card-title\">Guia_PdC_EPSA_Categ_CyD<\/h5><p class=\"imagen-card-text\"><\/p><\/div><\/div><\/a><\/div>\n","protected":false},"excerpt":{"rendered":"","protected":false},"author":1,"featured_media":0,"parent":0,"menu_order":0,"comment_status":"closed","ping_status":"closed","template":"","meta":{"_acf_changed":false,"footnotes":""},"class_list":["post-1212","page","type-page","status-publish","hentry"],"acf":[],"_links":{"self":[{"href":"https:\/\/www.aaps.gob.bo\/wordpress\/index.php\/wp-json\/wp\/v2\/pages\/1212","targetHints":{"allow":["GET"]}}],"collection":[{"href":"https:\/\/www.aaps.gob.bo\/wordpress\/index.php\/wp-json\/wp\/v2\/pages"}],"about":[{"href":"https:\/\/www.aaps.gob.bo\/wordpress\/index.php\/wp-json\/wp\/v2\/types\/page"}],"author":[{"embeddable":true,"href":"https:\/\/www.aaps.gob.bo\/wordpress\/index.php\/wp-json\/wp\/v2\/users\/1"}],"replies":[{"embeddable":true,"href":"https:\/\/www.aaps.gob.bo\/wordpress\/index.php\/wp-json\/wp\/v2\/comments?post=1212"}],"version-history":[{"count":8,"href":"https:\/\/www.aaps.gob.bo\/wordpress\/index.php\/wp-json\/wp\/v2\/pages\/1212\/revisions"}],"predecessor-version":[{"id":1224,"href":"https:\/\/www.aaps.gob.bo\/wordpress\/index.php\/wp-json\/wp\/v2\/pages\/1212\/revisions\/1224"}],"wp:attachment":[{"href":"https:\/\/www.aaps.gob.bo\/wordpress\/index.php\/wp-json\/wp\/v2\/media?parent=1212"}],"curies":[{"name":"wp","href":"https:\/\/api.w.org\/{rel}","templated":true}]}}