{"id":1690,"date":"2025-11-25T16:24:34","date_gmt":"2025-11-25T16:24:34","guid":{"rendered":"https:\/\/www.aaps.gob.bo\/wordpress\/?page_id=1690"},"modified":"2025-11-25T16:40:07","modified_gmt":"2025-11-25T16:40:07","slug":"sistema-de-fiscalizacion-der","status":"publish","type":"page","link":"https:\/\/www.aaps.gob.bo\/wordpress\/index.php\/sistema-de-fiscalizacion-der\/","title":{"rendered":"Sistema de Fiscalizaci\u00f3n -DER"},"content":{"rendered":"\n<div class=\"wp-block-card-imagen-block imagen-card-container d-flex flex-column p-3 m-2\" style=\"border:1px solid var(--texto-default);background-color:var(--background-paper)\"><a class=\"card border-0\" href=\" https:\/\/gitlab.com\/aaps.tic.dev\/angular-client-der\" target=\"_blank\" rel=\"noopener\"><div class=\"imagen-card d-flex flex-row\"><div class=\"col-md-4\"><img decoding=\"async\" src=\"https:\/\/www.aaps.gob.bo\/wordpress\/wp-content\/uploads\/2025\/11\/ficalizacion-der.jpg\" class=\"imagen-card-icon img-fluid\"\/><\/div><div class=\"col-md-8 imagen-card-body\"><h5 class=\"imagen-card-title\">Descarga de Material<\/h5><p class=\"imagen-card-text\">Click&#8212;-><\/p><\/div><\/div><\/a><\/div>\n\n\n\n<pre class=\"wp-block-code\"><code>\n                                                                  \nDescripci\u00f3n del Sistema Web FISCADER\n\nEl Sistema Web FISCADER (Fiscalizaci\u00f3n de la Direcci\u00f3n de Estrategias Regulatorias) ha sido desarrollado para la AAPS \u2014 Autoridad de Fiscalizaci\u00f3n y Control Social de Agua Potable y Saneamiento B\u00e1sico. Su objetivo principal es registrar, consolidar y administrar la informaci\u00f3n reportada mensualmente por cada EPSA (Empresa Prestadora de Servicios de Agua) en Bolivia, facilitando el control y seguimiento regulatorio.<\/code><\/pre>\n\n\n\n<figure class=\"wp-block-image size-full is-resized is-style-rounded\"><img loading=\"lazy\" decoding=\"async\" width=\"768\" height=\"739\" src=\"https:\/\/www.aaps.gob.bo\/wordpress\/wp-content\/uploads\/2025\/11\/Login.png\" alt=\"\" class=\"wp-image-1691\" style=\"width:437px;height:auto\"\/><\/figure>\n\n\n\n<pre class=\"wp-block-code\"><code>M\u00f3dulo de Registro Mensual\n\nPermite el ingreso de informaci\u00f3n mensual enviada por cada EPSA, conforme a los distintos tipos de registros definidos por la AAPS.\nActualmente, el sistema gestiona las siguientes variables:\n\nN\u00famero de conexiones vigentes de agua potable.\n\nN\u00famero de conexiones de alcantarillado.\n\nVolumen de agua potable facturado (m\u00b3).\n\nIngresos por prestaci\u00f3n de servicios (Bs.).\n\nEl m\u00f3dulo tambi\u00e9n ofrece la opci\u00f3n de exportar el reporte mensual en formato PDF.<\/code><\/pre>\n\n\n\n<figure class=\"wp-block-image size-full\"><img loading=\"lazy\" decoding=\"async\" width=\"1649\" height=\"827\" src=\"https:\/\/www.aaps.gob.bo\/wordpress\/wp-content\/uploads\/2025\/11\/Adminisracion-de-EPSA.png\" alt=\"\" class=\"wp-image-1692\"\/><\/figure>\n\n\n\n<pre class=\"wp-block-code\"><code>M\u00f3dulo de Reportes\n\nProporciona informaci\u00f3n consolidada y estad\u00edsticas generadas a partir de los registros mensuales ingresados por las EPSA.\nIncluye herramientas para la exportaci\u00f3n de datos en formato Excel, permitiendo su an\u00e1lisis y procesamiento externo.\n\nM\u00f3dulo de Configuraci\u00f3n y Administraci\u00f3n\n\nFacilita la parametrizaci\u00f3n del sistema mediante:\n\nCreaci\u00f3n y administraci\u00f3n de usuarios y roles con distintos niveles de acceso.\n\nDefinici\u00f3n y asignaci\u00f3n de localidades.\n\nGesti\u00f3n de tipos de registros, gestiones y EPSA.\n\nEste m\u00f3dulo garantiza la correcta administraci\u00f3n y personalizaci\u00f3n del sistema seg\u00fan las necesidades institucionales.<\/code><\/pre>\n\n\n\n<figure class=\"wp-block-image size-full\"><img loading=\"lazy\" decoding=\"async\" width=\"1532\" height=\"802\" src=\"https:\/\/www.aaps.gob.bo\/wordpress\/wp-content\/uploads\/2025\/11\/Reporte-de-Informacion-Mensual-PDF.png\" alt=\"\" class=\"wp-image-1694\"\/><\/figure>\n\n\n\n<p>etito@aaps.gob.bo<\/p>\n\n\n\n<p><\/p>\n\n\n\n<p><\/p>\n","protected":false},"excerpt":{"rendered":"<p>etito@aaps.gob.bo<\/p>\n","protected":false},"author":1,"featured_media":0,"parent":0,"menu_order":0,"comment_status":"closed","ping_status":"closed","template":"","meta":{"_acf_changed":false,"footnotes":""},"class_list":["post-1690","page","type-page","status-publish","hentry"],"acf":[],"_links":{"self":[{"href":"https:\/\/www.aaps.gob.bo\/wordpress\/index.php\/wp-json\/wp\/v2\/pages\/1690","targetHints":{"allow":["GET"]}}],"collection":[{"href":"https:\/\/www.aaps.gob.bo\/wordpress\/index.php\/wp-json\/wp\/v2\/pages"}],"about":[{"href":"https:\/\/www.aaps.gob.bo\/wordpress\/index.php\/wp-json\/wp\/v2\/types\/page"}],"author":[{"embeddable":true,"href":"https:\/\/www.aaps.gob.bo\/wordpress\/index.php\/wp-json\/wp\/v2\/users\/1"}],"replies":[{"embeddable":true,"href":"https:\/\/www.aaps.gob.bo\/wordpress\/index.php\/wp-json\/wp\/v2\/comments?post=1690"}],"version-history":[{"count":8,"href":"https:\/\/www.aaps.gob.bo\/wordpress\/index.php\/wp-json\/wp\/v2\/pages\/1690\/revisions"}],"predecessor-version":[{"id":1703,"href":"https:\/\/www.aaps.gob.bo\/wordpress\/index.php\/wp-json\/wp\/v2\/pages\/1690\/revisions\/1703"}],"wp:attachment":[{"href":"https:\/\/www.aaps.gob.bo\/wordpress\/index.php\/wp-json\/wp\/v2\/media?parent=1690"}],"curies":[{"name":"wp","href":"https:\/\/api.w.org\/{rel}","templated":true}]}}