{"id":223,"date":"2025-08-21T18:21:07","date_gmt":"2025-08-21T18:21:07","guid":{"rendered":"https:\/\/aaps.gob.bowordpress\/?page_id=223"},"modified":"2025-08-21T18:28:32","modified_gmt":"2025-08-21T18:28:32","slug":"taller-departamental-de-socializacion-de-la-estrategia-de-regulacion-concurrente-erc","status":"publish","type":"page","link":"https:\/\/www.aaps.gob.bo\/wordpress\/index.php\/taller-departamental-de-socializacion-de-la-estrategia-de-regulacion-concurrente-erc\/","title":{"rendered":"Taller Departamental de Socializaci\u00f3n de la Estrategia de Regulaci\u00f3n Concurrente (ERC)"},"content":{"rendered":"<p>En el marco del taller realizado en La Paz, se firmaron convenios de regularizaci\u00f3n con los municipios de Colcha K de Potos\u00ed, Coroico e Inquisivi de La Paz, fortaleciendo la protecci\u00f3n de sus fuentes de agua , la delimitaci\u00f3n de \u00e1reas de servicioy el acceso a financiamiento p\u00fablico para mejorar sus sistemas de agua y saneamiento.<\/p>\n\n\n<div class=\"wptb-table-container wptb-table-237\"><div class=\"wptb-table-container-matrix\" id=\"wptb-table-id-237\" data-wptb-version=\"2.0.13\" data-wptb-pro-status=\"false\"><table class=\"wptb-preview-table wptb-element-main-table_setting-237\" style=\"border-spacing: 3px 3px; border-collapse: collapse !important; min-width: 285px; border: 1px solid #000000; \" data-border-spacing-columns=\"3\" data-border-spacing-rows=\"3\" data-reconstraction=\"1\" data-wptb-table-directives=\"eyJpbm5lckJvcmRlcnMiOnsiYWN0aXZlIjoiYWxsIiwiYm9yZGVyV2lkdGgiOjEsImJvcmRlclJhZGl1c2VzIjp7ImFsbCI6MCwicm93IjowLCJjb2x1bW4iOjB9fX0=\" data-wptb-responsive-directives=\"eyJyZXNwb25zaXZlRW5hYmxlZCI6ZmFsc2UsInJlc3BvbnNpdmVNb2RlIjoiYXV0byIsInJlbGF0aXZlV2lkdGgiOiJ3aW5kb3ciLCJwcmVzZXJ2ZVJvd0NvbG9yIjpmYWxzZSwiaGVhZGVyRnVsbHlNZXJnZWQiOmZhbHNlLCJicmVha3BvaW50cyI6eyJkZXNrdG9wIjp7Im5hbWUiOiJkZXNrdG9wIiwid2lkdGgiOjEwMjR9LCJ0YWJsZXQiOnsibmFtZSI6InRhYmxldCIsIndpZHRoIjo3MDB9LCJtb2JpbGUiOnsibmFtZSI6Im1vYmlsZSIsIndpZHRoIjozMDB9fSwibW9kZU9wdGlvbnMiOnsiYXV0byI6eyJkaXNhYmxlZCI6eyJkZXNrdG9wIjpmYWxzZSwidGFibGV0IjpmYWxzZSwibW9iaWxlIjpmYWxzZX0sInRvcFJvd0FzSGVhZGVyIjp7ImRlc2t0b3AiOmZhbHNlLCJ0YWJsZXQiOnRydWUsIm1vYmlsZSI6dHJ1ZX0sInJlcGVhdE1lcmdlZEhlYWRlciI6eyJkZXNrdG9wIjp0cnVlLCJ0YWJsZXQiOnRydWUsIm1vYmlsZSI6dHJ1ZX0sInN0YXRpY1RvcFJvdyI6eyJkZXNrdG9wIjpmYWxzZSwidGFibGV0IjpmYWxzZSwibW9iaWxlIjpmYWxzZX0sImNlbGxTdGFja0RpcmVjdGlvbiI6eyJkZXNrdG9wIjoicm93IiwidGFibGV0Ijoicm93IiwibW9iaWxlIjoicm93In0sImNlbGxzUGVyUm93Ijp7ImRlc2t0b3AiOjEsInRhYmxldCI6MiwibW9iaWxlIjoyfX19fQ==\" data-wptb-cells-width-auto-count=\"2\" data-wptb-extra-styles=\"\" data-wptb-pro-pagination-top-row-header=\"false\" data-wptb-rows-per-page=\"10\" data-wptb-pro-search-top-row-header=\"false\" data-wptb-searchbar-position=\"left\" role=\"table\" data-table-columns=\"2\" data-wptb-table-alignment=\"center\" data-wptb-td-width-auto=\"120\" data-wptb-table-tds-sum-max-width=\"285\"><tbody data-global-font-size=\"15\"><tr class=\"wptb-row \" style=\"\"><td class=\"wptb-cell \" colspan=\"1\" rowspan=\"1\" style=\"padding: 10px; border-width: 1px; border-color: #000000; border-style: solid; border-radius: 0px; \" data-y-index=\"0\" data-x-index=\"0\" data-wptb-css-td-auto-width=\"true\" data-wptb-css-td-auto-height=\"true\" data-wptb-cell-vertical-alignment=\"center\"><div class=\"wptb-image-container wptb-ph-element wptb-element-image-1\" data-wptb-image-alignment=\"center\" data-wptb-image-size-relative=\"container\" style=\"\"><div class=\"wptb-image-wrapper\"><span class=\"wptb-link-target\" style=\"float: none; width: 100%; \"><img loading=\"lazy\" decoding=\"async\" class=\"wptb-image-element-target\" height=\"1\" width=\"1\" src=\"https:\/\/www.aaps.gob.bo\/wordpress\/wp-content\/uploads\/2025\/08\/1.jpg\" style=\"width: 100%\"><\/span><\/div><\/div><div class=\"wptb-text-container wptb-ph-element wptb-element-text-597\" style=\"font-size: 15px; \"><div style=\"position: relative;\"><\/div><\/div><\/td><td class=\"wptb-cell \" colspan=\"1\" rowspan=\"1\" style=\"padding: 10px; border-width: 1px; border-color: #000000; border-style: solid; border-radius: 0px; \" data-y-index=\"0\" data-x-index=\"1\" data-wptb-css-td-auto-width=\"true\" data-wptb-css-td-auto-height=\"true\" data-wptb-cell-vertical-alignment=\"center\"><div class=\"wptb-image-container wptb-ph-element wptb-element-image-2\" data-wptb-image-alignment=\"center\" data-wptb-image-size-relative=\"container\" style=\"\"><div class=\"wptb-image-wrapper\"><span class=\"wptb-link-target\" style=\"float: none; width: 100%; \"><img loading=\"lazy\" decoding=\"async\" class=\"wptb-image-element-target\" height=\"1\" width=\"1\" src=\"https:\/\/www.aaps.gob.bo\/wordpress\/wp-content\/uploads\/2025\/08\/2.jpg\" style=\"width: 100%\"><\/span><\/div><\/div><div class=\"wptb-text-container wptb-ph-element wptb-element-text-598\" style=\"font-size: 15px; \"><div style=\"position: relative;\"><\/div><\/div><\/td><\/tr><tr class=\"wptb-row \" style=\"\"><td class=\"wptb-cell \" colspan=\"1\" rowspan=\"1\" style=\"padding: 10px; border-width: 1px; border-color: #000000; border-style: solid; border-radius: 0px; \" data-y-index=\"1\" data-x-index=\"0\" data-wptb-css-td-auto-width=\"true\" data-wptb-css-td-auto-height=\"true\" data-wptb-cell-vertical-alignment=\"center\"><div class=\"wptb-image-container wptb-ph-element wptb-element-image-3\" data-wptb-image-alignment=\"center\" data-wptb-image-size-relative=\"container\" style=\"\"><div class=\"wptb-image-wrapper\"><span class=\"wptb-link-target\" style=\"float: none; width: 100%; \"><img loading=\"lazy\" decoding=\"async\" class=\"wptb-image-element-target\" height=\"1\" width=\"1\" src=\"https:\/\/www.aaps.gob.bo\/wordpress\/wp-content\/uploads\/2025\/08\/3.jpg\" style=\"width: 100%\"><\/span><\/div><\/div><div class=\"wptb-text-container wptb-ph-element wptb-element-text-599\" style=\"font-size: 15px; \"><div style=\"position: relative;\"><\/div><\/div><\/td><td class=\"wptb-cell \" colspan=\"1\" rowspan=\"1\" style=\"padding: 10px; border-width: 1px; border-color: #000000; border-style: solid; border-radius: 0px; \" data-y-index=\"1\" data-x-index=\"1\" data-wptb-css-td-auto-width=\"true\" data-wptb-css-td-auto-height=\"true\" data-wptb-cell-vertical-alignment=\"center\"><div class=\"wptb-image-container wptb-ph-element wptb-element-image-4\" data-wptb-image-alignment=\"center\" data-wptb-image-size-relative=\"container\" style=\"\"><div class=\"wptb-image-wrapper\"><span class=\"wptb-link-target\" style=\"float: none; width: 100%; \"><img loading=\"lazy\" decoding=\"async\" class=\"wptb-image-element-target\" height=\"1\" width=\"1\" src=\"https:\/\/www.aaps.gob.bo\/wordpress\/wp-content\/uploads\/2025\/08\/4.jpg\" style=\"width: 100%\"><\/span><\/div><\/div><div class=\"wptb-text-container wptb-ph-element wptb-element-text-600\" style=\"font-size: 15px; \"><div style=\"position: relative;\"><\/div><\/div><\/td><\/tr><tr class=\"wptb-row \" style=\"\"><td class=\"wptb-cell \" colspan=\"1\" rowspan=\"1\" style=\"padding: 10px; border-width: 1px; border-color: #000000; border-style: solid; border-radius: 0px; \" data-y-index=\"2\" data-x-index=\"0\" data-wptb-css-td-auto-width=\"true\" data-wptb-css-td-auto-height=\"true\" data-wptb-cell-vertical-alignment=\"center\"><div class=\"wptb-text-container wptb-ph-element wptb-element-text-601\" style=\"font-size: 15px; \"><div style=\"position: relative;\"><\/div><\/div><div class=\"wptb-image-container wptb-ph-element wptb-element-image-5\" data-wptb-image-alignment=\"center\" data-wptb-image-size-relative=\"container\" style=\"\"><div class=\"wptb-image-wrapper\"><span class=\"wptb-link-target\" style=\"float: none; width: 100%; \"><img loading=\"lazy\" decoding=\"async\" class=\"wptb-image-element-target\" height=\"1\" width=\"1\" src=\"https:\/\/www.aaps.gob.bo\/wordpress\/wp-content\/uploads\/2025\/08\/7.jpg\" style=\"width: 100%\"><\/span><\/div><\/div><\/td><td class=\"wptb-cell \" colspan=\"1\" rowspan=\"1\" style=\"padding: 10px; border-width: 1px; border-color: #000000; border-style: solid; border-radius: 0px; \" data-y-index=\"2\" data-x-index=\"1\" data-wptb-css-td-auto-width=\"true\" data-wptb-css-td-auto-height=\"true\" data-wptb-cell-vertical-alignment=\"center\"><div class=\"wptb-image-container wptb-ph-element wptb-element-image-6\" data-wptb-image-alignment=\"center\" data-wptb-image-size-relative=\"container\" style=\"\"><div class=\"wptb-image-wrapper\"><span class=\"wptb-link-target\" style=\"float: none; width: 100%; \"><img loading=\"lazy\" decoding=\"async\" class=\"wptb-image-element-target\" height=\"1\" width=\"1\" src=\"https:\/\/www.aaps.gob.bo\/wordpress\/wp-content\/uploads\/2025\/08\/6-1.jpg\" style=\"width: 100%\"><\/span><\/div><\/div><div class=\"wptb-text-container wptb-ph-element wptb-element-text-602\" style=\"font-size: 15px; \"><div style=\"position: relative;\"><\/div><\/div><\/td><\/tr><\/tbody><\/table><\/div><\/div>\n\n","protected":false},"excerpt":{"rendered":"<p>En el marco del taller realizado en La Paz, se firmaron convenios de regularizaci\u00f3n con los municipios de Colcha K de Potos\u00ed, Coroico e Inquisivi de La Paz, fortaleciendo la protecci\u00f3n de sus fuentes de agua , la delimitaci\u00f3n de \u00e1reas de servicioy el acceso a financiamiento p\u00fablico para mejorar sus sistemas de agua y [&hellip;]<\/p>\n","protected":false},"author":1,"featured_media":0,"parent":0,"menu_order":0,"comment_status":"closed","ping_status":"closed","template":"","meta":{"_acf_changed":false,"footnotes":""},"class_list":["post-223","page","type-page","status-publish","hentry"],"acf":[],"_links":{"self":[{"href":"https:\/\/www.aaps.gob.bo\/wordpress\/index.php\/wp-json\/wp\/v2\/pages\/223","targetHints":{"allow":["GET"]}}],"collection":[{"href":"https:\/\/www.aaps.gob.bo\/wordpress\/index.php\/wp-json\/wp\/v2\/pages"}],"about":[{"href":"https:\/\/www.aaps.gob.bo\/wordpress\/index.php\/wp-json\/wp\/v2\/types\/page"}],"author":[{"embeddable":true,"href":"https:\/\/www.aaps.gob.bo\/wordpress\/index.php\/wp-json\/wp\/v2\/users\/1"}],"replies":[{"embeddable":true,"href":"https:\/\/www.aaps.gob.bo\/wordpress\/index.php\/wp-json\/wp\/v2\/comments?post=223"}],"version-history":[{"count":3,"href":"https:\/\/www.aaps.gob.bo\/wordpress\/index.php\/wp-json\/wp\/v2\/pages\/223\/revisions"}],"predecessor-version":[{"id":238,"href":"https:\/\/www.aaps.gob.bo\/wordpress\/index.php\/wp-json\/wp\/v2\/pages\/223\/revisions\/238"}],"wp:attachment":[{"href":"https:\/\/www.aaps.gob.bo\/wordpress\/index.php\/wp-json\/wp\/v2\/media?parent=223"}],"curies":[{"name":"wp","href":"https:\/\/api.w.org\/{rel}","templated":true}]}}