{"id":509,"date":"2025-08-27T20:54:56","date_gmt":"2025-08-27T20:54:56","guid":{"rendered":"https:\/\/aaps.gob.bowordpress\/?page_id=509"},"modified":"2026-01-06T14:27:02","modified_gmt":"2026-01-06T14:27:02","slug":"direcciones","status":"publish","type":"page","link":"https:\/\/www.aaps.gob.bo\/wordpress\/index.php\/direcciones\/","title":{"rendered":"Direcciones"},"content":{"rendered":"\n<p><\/p>\n\n\n\n<div class=\"wp-block-card-alargado-b-block container b-alargado-container\"><div class=\"row\"><div class=\"col-5\"><div class=\"row mt-3\"><h5 class=\"text-muted\">Nombre de Oficina: Oficina Central<\/h5><\/div><div class=\"row mb-3\"><p><i class=\"bi bi-geo-alt-fill me-2\"><\/i>Direcci\u00f3n:<\/p><p class=\"text-muted\">Av. Mariscal Santa Cruz No. 1392, Edif. C\u00e1mara de Comercio, Piso 16\u00a0<\/p><\/div><div class=\"row mb-3\"><p><i class=\"bi bi-telephone-fill me-2\"><\/i>Tel\u00e9fonos:<\/p><p class=\"text-muted\">Tel\u00e9fono: (+591 2) (591-2) 2310801 &#8211; FAX -2310554<\/p><\/div><div class=\"row\"><p><i class=\"bi bi-clock me-2\"><\/i>Horarios de atenci\u00f3n:<\/p><p class=\"text-muted\">Horario de Atenci\u00f3n de 08:30 a 16:3<\/p><\/div><\/div><div class=\"col-7 mt-2\"><div id=\"map\" style=\"width:100%;height:300px\"><\/div><script>\n                                document.addEventListener(\"DOMContentLoaded\", function() {\n                                    const map = L.map(\"map\").setView([-16.5003126, -68.1368503,17], 13);\n                                    L.tileLayer('https:\/\/{s}.tile.openstreetmap.org\/{z}\/{x}\/{y}.png', {\n                                        maxZoom: 19,\n                                    }).addTo(map);\n                                    L.marker([-16.5003126, -68.1368503,17]).addTo(map);\n                                });\n                            <\/script><\/div><\/div><\/div>\n\n\n\n<link rel=\"stylesheet\" href=\"https:\/\/unpkg.com\/leaflet@1.9.4\/dist\/leaflet.css\">\n<script src=\"https:\/\/unpkg.com\/leaflet@1.9.4\/dist\/leaflet.js\"><\/script>\n\n<div class=\"wp-block-card-alargado-b-block container b-alargado-container\"><div class=\"row\"><div class=\"col-5\"><div class=\"row mt-3\"><h5 class=\"text-muted\">Regional Santa Cruz<\/h5><\/div><div class=\"row mb-3\"><p><i class=\"bi bi-geo-alt-fill me-2\"><\/i>Direcci\u00f3n:<\/p><p class=\"text-muted\">Tte. Juan Humberto Rivero 225<\/p><\/div><div class=\"row mb-3\"><p><i class=\"bi bi-telephone-fill me-2\"><\/i>Tel\u00e9fonos:<\/p><p class=\"text-muted\">76063187<\/p><\/div><div class=\"row\"><p><i class=\"bi bi-clock me-2\"><\/i>Horarios de atenci\u00f3n:<\/p><p class=\"text-muted\">8:30 &#8211; 16:30 de Lunes a &#8211; Viernes<\/p><\/div><\/div><div class=\"col-7 mt-2\"><div id=\"map\" style=\"width:100%;height:300px\"><\/div><script>\n                                document.addEventListener(\"DOMContentLoaded\", function() {\n                                    const map = L.map(\"map\").setView([-17.7833, -63.1821], 15);\n                                    L.tileLayer('https:\/\/{s}.tile.openstreetmap.org\/{z}\/{x}\/{y}.png', {\n                                        maxZoom: 19,\n                                    }).addTo(map);\n                                    L.marker([-17.7833, -63.1821]).addTo(map);\n                                });\n                            <\/script><\/div><\/div><\/div>\n\n\n\n<p><\/p>\n","protected":false},"excerpt":{"rendered":"<p>Nombre de Oficina: Oficina Central Direcci\u00f3n: Av. Mariscal Santa Cruz No. 1392, Edif. C\u00e1mara de Comercio, Piso 16\u00a0 Tel\u00e9fonos: Tel\u00e9fono: (+591 2) (591-2) 2310801 &#8211; FAX -2310554 Horarios de atenci\u00f3n: Horario de Atenci\u00f3n de 08:30 a 16:3 Regional Santa Cruz Direcci\u00f3n: Tte. Juan Humberto Rivero 225 Tel\u00e9fonos: 76063187 Horarios de atenci\u00f3n: 8:30 &#8211; 16:30 de [&hellip;]<\/p>\n","protected":false},"author":1,"featured_media":0,"parent":0,"menu_order":0,"comment_status":"closed","ping_status":"closed","template":"","meta":{"_acf_changed":false,"footnotes":""},"class_list":["post-509","page","type-page","status-publish","hentry"],"acf":[],"_links":{"self":[{"href":"https:\/\/www.aaps.gob.bo\/wordpress\/index.php\/wp-json\/wp\/v2\/pages\/509","targetHints":{"allow":["GET"]}}],"collection":[{"href":"https:\/\/www.aaps.gob.bo\/wordpress\/index.php\/wp-json\/wp\/v2\/pages"}],"about":[{"href":"https:\/\/www.aaps.gob.bo\/wordpress\/index.php\/wp-json\/wp\/v2\/types\/page"}],"author":[{"embeddable":true,"href":"https:\/\/www.aaps.gob.bo\/wordpress\/index.php\/wp-json\/wp\/v2\/users\/1"}],"replies":[{"embeddable":true,"href":"https:\/\/www.aaps.gob.bo\/wordpress\/index.php\/wp-json\/wp\/v2\/comments?post=509"}],"version-history":[{"count":16,"href":"https:\/\/www.aaps.gob.bo\/wordpress\/index.php\/wp-json\/wp\/v2\/pages\/509\/revisions"}],"predecessor-version":[{"id":1832,"href":"https:\/\/www.aaps.gob.bo\/wordpress\/index.php\/wp-json\/wp\/v2\/pages\/509\/revisions\/1832"}],"wp:attachment":[{"href":"https:\/\/www.aaps.gob.bo\/wordpress\/index.php\/wp-json\/wp\/v2\/media?parent=509"}],"curies":[{"name":"wp","href":"https:\/\/api.w.org\/{rel}","templated":true}]}}