{"id":628,"date":"2025-09-02T15:56:04","date_gmt":"2025-09-02T15:56:04","guid":{"rendered":"https:\/\/aaps.gob.bowordpress\/?page_id=628"},"modified":"2025-09-24T13:31:41","modified_gmt":"2025-09-24T13:31:41","slug":"banco-de-trabajos-investigaciones-2","status":"publish","type":"page","link":"https:\/\/www.aaps.gob.bo\/wordpress\/index.php\/banco-de-trabajos-investigaciones-2\/","title":{"rendered":"Banco de Trabajos Investigaciones"},"content":{"rendered":"\n<p>La Autoridad de Fiscalizaci\u00f3n y Control Social de Agua Potable y Saneamiento B\u00e1sico &#8211; AAPS<\/p>\n\n\n\n<p>No realiza ning\u00fan tipo de Investigaci\u00f3n que le corresponda. <\/p>\n","protected":false},"excerpt":{"rendered":"<p>La Autoridad de Fiscalizaci\u00f3n y Control Social de Agua Potable y Saneamiento B\u00e1sico &#8211; AAPS No realiza ning\u00fan tipo de Investigaci\u00f3n que le corresponda.<\/p>\n","protected":false},"author":1,"featured_media":0,"parent":0,"menu_order":0,"comment_status":"closed","ping_status":"closed","template":"template\/lista-investigaciones.php","meta":{"_acf_changed":false,"footnotes":""},"class_list":["post-628","page","type-page","status-publish","hentry"],"acf":[],"_links":{"self":[{"href":"https:\/\/www.aaps.gob.bo\/wordpress\/index.php\/wp-json\/wp\/v2\/pages\/628","targetHints":{"allow":["GET"]}}],"collection":[{"href":"https:\/\/www.aaps.gob.bo\/wordpress\/index.php\/wp-json\/wp\/v2\/pages"}],"about":[{"href":"https:\/\/www.aaps.gob.bo\/wordpress\/index.php\/wp-json\/wp\/v2\/types\/page"}],"author":[{"embeddable":true,"href":"https:\/\/www.aaps.gob.bo\/wordpress\/index.php\/wp-json\/wp\/v2\/users\/1"}],"replies":[{"embeddable":true,"href":"https:\/\/www.aaps.gob.bo\/wordpress\/index.php\/wp-json\/wp\/v2\/comments?post=628"}],"version-history":[{"count":1,"href":"https:\/\/www.aaps.gob.bo\/wordpress\/index.php\/wp-json\/wp\/v2\/pages\/628\/revisions"}],"predecessor-version":[{"id":629,"href":"https:\/\/www.aaps.gob.bo\/wordpress\/index.php\/wp-json\/wp\/v2\/pages\/628\/revisions\/629"}],"wp:attachment":[{"href":"https:\/\/www.aaps.gob.bo\/wordpress\/index.php\/wp-json\/wp\/v2\/media?parent=628"}],"curies":[{"name":"wp","href":"https:\/\/api.w.org\/{rel}","templated":true}]}}