{"id":750,"date":"2025-09-09T14:59:28","date_gmt":"2025-09-09T14:59:28","guid":{"rendered":"https:\/\/aaps.gob.bowordpress\/?page_id=750"},"modified":"2025-09-09T15:15:35","modified_gmt":"2025-09-09T15:15:35","slug":"direccion-de-estrategias-regulatorias","status":"publish","type":"page","link":"https:\/\/www.aaps.gob.bo\/wordpress\/index.php\/direccion-de-estrategias-regulatorias\/","title":{"rendered":"Direcci\u00f3n de Estrategias Regulatorias"},"content":{"rendered":"\n<figure class=\"wp-block-image size-full\"><img loading=\"lazy\" decoding=\"async\" width=\"348\" height=\"392\" src=\"https:\/\/www.aaps.gob.bo\/wordpress\/wp-content\/uploads\/2025\/09\/DER.png\" alt=\"\" class=\"wp-image-751\"\/><\/figure>\n\n\n\n<p>La Direcci\u00f3n de Estrategias Regulatorias contribuye al cumplimiento de las competencias de la AAPS mediante acciones de Regularizaci\u00f3n, fiscalizaci\u00f3n, supervisi\u00f3n, seguimiento y control en la prestaci\u00f3n de servicios de agua potable y alcantarillado sanitario por las EPSAS, buscando que se cumpla con objetivos de calidad, continuidad, cobertura y eficiencia.<\/p>\n\n\n\n<p>Operativamente la D.E.R. realiza sus actividades a trav\u00e9s de dos Unidades: Jefatura de Constituci\u00f3n de Licencias y Registros y Jefatura de Coordinaci\u00f3n Nacional.<\/p>\n\n\n\n<p>La Unidad de Licencias y Registros, realiza acciones para la regularizaci\u00f3n de la gesti\u00f3n y manejo de los recursos h\u00eddricos, priorizando el derecho de uso para consumo humano y el saneamiento, en equilibrio con el medio ambiente, seg\u00fan las siguientes funciones:<\/p>\n\n\n\n<p>&#8211; Procesos de regularizaci\u00f3n para la otorgaci\u00f3n, renovaci\u00f3n, modificaci\u00f3n o revocatoria de derechos de uso y aprovechamiento de fuentes de agua para consumo humano y prestaci\u00f3n de servicios de agua potable y saneamiento b\u00e1sico.<br>&#8211; Evaluaci\u00f3n de Planes Estrat\u00e9gicos a corto y mediano plazo para el servicio de las EPSA.<br>&#8211; Evaluaci\u00f3n de Estudios de Precios y Tarifas propuestos por Operadores de Servicios.<br>&#8211; Asistencia t\u00e9cnica para la elaboraci\u00f3n de Estudios de Precios y Tarifas.<\/p>\n\n\n\n<p>La Unidad de Coordinaci\u00f3n Nacional realiza la supervisi\u00f3n, control y fiscalizaci\u00f3n regulatoria de la prestaci\u00f3n del servicio en EPSA con seguimiento es decir aquellas que cuentan con Licencia y un documento de planificaci\u00f3n de mediano plazo, siendo sus funciones principales:<\/p>\n\n\n\n<p>&#8211; El seguimiento regulatorio a las obligaciones programadas y no programadas que tienen las EPSA con la AAPS, conforme a objetivos de cobertura, calidad de agua, dotaci\u00f3n, micro medici\u00f3n, sostenibilidad y manejo apropiado del sistema.<br>&#8211; Seguimiento y fiscalizaci\u00f3n al control de calidad de agua realizado por las EPSAS.<br>&#8211; Evaluaci\u00f3n del desempe\u00f1o de la gesti\u00f3n de las EPSA mediante indicadores t\u00e9cnicos, econ\u00f3micos, financiero y comercial producto de la operaci\u00f3n del servicio de las EPSA conforme al modelo de seguimiento.<br>&#8211; Verificaci\u00f3n de la operaci\u00f3n del servicio en campo mediante la aplicaci\u00f3n de protocolos in situ.<\/p>\n\n\n\n<p><\/p>\n","protected":false},"excerpt":{"rendered":"<p>La Direcci\u00f3n de Estrategias Regulatorias contribuye al cumplimiento de las competencias de la AAPS mediante acciones de Regularizaci\u00f3n, fiscalizaci\u00f3n, supervisi\u00f3n, seguimiento y control en la prestaci\u00f3n de servicios de agua potable y alcantarillado sanitario por las EPSAS, buscando que se cumpla con objetivos de calidad, continuidad, cobertura y eficiencia. Operativamente la D.E.R. realiza sus actividades [&hellip;]<\/p>\n","protected":false},"author":1,"featured_media":0,"parent":0,"menu_order":0,"comment_status":"closed","ping_status":"closed","template":"","meta":{"_acf_changed":false,"footnotes":""},"class_list":["post-750","page","type-page","status-publish","hentry"],"acf":[],"_links":{"self":[{"href":"https:\/\/www.aaps.gob.bo\/wordpress\/index.php\/wp-json\/wp\/v2\/pages\/750","targetHints":{"allow":["GET"]}}],"collection":[{"href":"https:\/\/www.aaps.gob.bo\/wordpress\/index.php\/wp-json\/wp\/v2\/pages"}],"about":[{"href":"https:\/\/www.aaps.gob.bo\/wordpress\/index.php\/wp-json\/wp\/v2\/types\/page"}],"author":[{"embeddable":true,"href":"https:\/\/www.aaps.gob.bo\/wordpress\/index.php\/wp-json\/wp\/v2\/users\/1"}],"replies":[{"embeddable":true,"href":"https:\/\/www.aaps.gob.bo\/wordpress\/index.php\/wp-json\/wp\/v2\/comments?post=750"}],"version-history":[{"count":3,"href":"https:\/\/www.aaps.gob.bo\/wordpress\/index.php\/wp-json\/wp\/v2\/pages\/750\/revisions"}],"predecessor-version":[{"id":759,"href":"https:\/\/www.aaps.gob.bo\/wordpress\/index.php\/wp-json\/wp\/v2\/pages\/750\/revisions\/759"}],"wp:attachment":[{"href":"https:\/\/www.aaps.gob.bo\/wordpress\/index.php\/wp-json\/wp\/v2\/media?parent=750"}],"curies":[{"name":"wp","href":"https:\/\/api.w.org\/{rel}","templated":true}]}}