{"id":754,"date":"2025-09-09T15:12:26","date_gmt":"2025-09-09T15:12:26","guid":{"rendered":"https:\/\/aaps.gob.bowordpress\/?page_id=754"},"modified":"2025-09-09T15:12:26","modified_gmt":"2025-09-09T15:12:26","slug":"jefatura-de-licencias-y-registros","status":"publish","type":"page","link":"https:\/\/www.aaps.gob.bo\/wordpress\/index.php\/jefatura-de-licencias-y-registros\/","title":{"rendered":"Jefatura de Licencias y Registros"},"content":{"rendered":"\n<figure class=\"wp-block-image size-full\"><img loading=\"lazy\" decoding=\"async\" width=\"844\" height=\"160\" src=\"https:\/\/www.aaps.gob.bo\/wordpress\/wp-content\/uploads\/2025\/09\/licenciasR.jpg\" alt=\"\" class=\"wp-image-755\"\/><\/figure>\n\n\n\n<p>La Jefatura de Constituci\u00f3n de Licencias y Registros, tiene la misi\u00f3n de relevar, categorizar y constituir a un sistema de agua potable o alcantarillado mediante una Licencia \u00f3 Registro, para lograr este objetivo realiza las siguientes funciones:<\/p>\n\n\n\n<ul class=\"wp-block-list\">\n<li>Regularizar EPSA con la otorgaci\u00f3n de Licencias o Registros para la prestaci\u00f3n de los servicios de agua potable y alcantarillado sanitario, en cumplimiento a lo dispuesto en la RAR SISAB N\u00ba 124\/2007.<\/li>\n\n\n\n<li>Regularizar EPSA con la participaci\u00f3n de los CTRL (Comit\u00e9s T\u00e9cnicos de Licencias y Registros) en cumplimiento a lo dispuesto en la RAR SISAB N\u00ba 141\/2007.<\/li>\n<\/ul>\n\n\n\n<p>Se encarga de estudiar los planes de mediano plazo y estructuras de precios y tarifas que entran en vigencia para cada EPSA en el pa\u00eds, para lo que realiza las siguientes funciones:<\/p>\n\n\n\n<ul class=\"wp-block-list\">\n<li>Diagn\u00f3stico integral de la situaci\u00f3n regulatoria de las EPSA respecto a sus Planes de Desarrollo Quinquenal, Planes Transitorios de Desarrollo del Servicio y Estudios de Precios y Tarifas.<\/li>\n\n\n\n<li>Aprobar Planes de Desarrollo Quinquenal y Planes de Desarrollo Transitorio.<\/li>\n\n\n\n<li>Aprobar y consensuar con los usuarios y prestadores Estudios de Precios y Tarifas.<\/li>\n\n\n\n<li>Asistencia t\u00e9cnica para la elaboraci\u00f3n de Estudios de Precios y Tarifas.<\/li>\n<\/ul>\n\n\n\n<p>La atribuci\u00f3n t\u00e9cnica de delimitaci\u00f3n del \u00e1rea de prestaci\u00f3n y autorizaci\u00f3n de aprovechamiento del recurso agua, es una de las m\u00e1s importantes y delicadas funciones delegadas por el Estado Plurinacional. En este contexto trabaja realizando las siguientes funciones:<\/p>\n\n\n\n<ul class=\"wp-block-list\">\n<li>Revisar el cumplimiento de la Resoluci\u00f3n Administrativa Regulatoria AAPS N\u00ba 86\/2009, que agiliza el tr\u00e1mite de ampliaci\u00f3n del \u00e1rea de prestaci\u00f3n del servicio, beneficiando a la poblaci\u00f3n que requieran el acceso a estos servicios b\u00e1sicos.<\/li>\n\n\n\n<li>Revisar el cumplimiento de la Resoluci\u00f3n Administrativa Regulatoria AAPS N\u00ba 85\/2009, que agiliza el tr\u00e1mite de autorizaci\u00f3n de aprovechamiento de nuevas captaciones de fuentes, favoreciendo al cuidado del medioambiente y explotaci\u00f3n sostenible de los Recursos H\u00eddricos.<\/li>\n\n\n\n<li>Aprobar el tr\u00e1mite administrativo de ampliaci\u00f3n de \u00e1reas de prestaci\u00f3n de servicio.<\/li>\n<\/ul>\n\n\n\n<p><\/p>\n","protected":false},"excerpt":{"rendered":"<p>La Jefatura de Constituci\u00f3n de Licencias y Registros, tiene la misi\u00f3n de relevar, categorizar y constituir a un sistema de agua potable o alcantarillado mediante una Licencia \u00f3 Registro, para lograr este objetivo realiza las siguientes funciones: Se encarga de estudiar los planes de mediano plazo y estructuras de precios y tarifas que entran en [&hellip;]<\/p>\n","protected":false},"author":1,"featured_media":0,"parent":0,"menu_order":0,"comment_status":"closed","ping_status":"closed","template":"","meta":{"_acf_changed":false,"footnotes":""},"class_list":["post-754","page","type-page","status-publish","hentry"],"acf":[],"_links":{"self":[{"href":"https:\/\/www.aaps.gob.bo\/wordpress\/index.php\/wp-json\/wp\/v2\/pages\/754","targetHints":{"allow":["GET"]}}],"collection":[{"href":"https:\/\/www.aaps.gob.bo\/wordpress\/index.php\/wp-json\/wp\/v2\/pages"}],"about":[{"href":"https:\/\/www.aaps.gob.bo\/wordpress\/index.php\/wp-json\/wp\/v2\/types\/page"}],"author":[{"embeddable":true,"href":"https:\/\/www.aaps.gob.bo\/wordpress\/index.php\/wp-json\/wp\/v2\/users\/1"}],"replies":[{"embeddable":true,"href":"https:\/\/www.aaps.gob.bo\/wordpress\/index.php\/wp-json\/wp\/v2\/comments?post=754"}],"version-history":[{"count":1,"href":"https:\/\/www.aaps.gob.bo\/wordpress\/index.php\/wp-json\/wp\/v2\/pages\/754\/revisions"}],"predecessor-version":[{"id":756,"href":"https:\/\/www.aaps.gob.bo\/wordpress\/index.php\/wp-json\/wp\/v2\/pages\/754\/revisions\/756"}],"wp:attachment":[{"href":"https:\/\/www.aaps.gob.bo\/wordpress\/index.php\/wp-json\/wp\/v2\/media?parent=754"}],"curies":[{"name":"wp","href":"https:\/\/api.w.org\/{rel}","templated":true}]}}